{"id":14,"date":"2015-02-02T20:59:21","date_gmt":"2015-02-02T20:59:21","guid":{"rendered":"http:\/\/www.tempiodicallaighe.it\/?page_id=14"},"modified":"2025-02-12T17:13:59","modified_gmt":"2025-02-12T16:13:59","slug":"filosofia","status":"publish","type":"page","link":"https:\/\/www.tempiodicallaighe.it\/?page_id=14","title":{"rendered":"FILOSOFIA"},"content":{"rendered":"<p style=\"text-align: justify;\"><strong><a href=\"https:\/\/www.tempiodicallaighe.it\/wp-content\/uploads\/2015\/02\/Inner-Mysteries.png\"><img loading=\"lazy\" decoding=\"async\" class=\"alignleft wp-image-114\" title=\"Inner-Mysteries - filosofia\" src=\"https:\/\/www.tempiodicallaighe.it\/wp-content\/uploads\/2015\/02\/Inner-Mysteries-300x213.png\" alt=\"Inner-Mysteries - filosofia\" width=\"251\" height=\"178\" srcset=\"https:\/\/www.tempiodicallaighe.it\/wp-content\/uploads\/2015\/02\/Inner-Mysteries-300x213.png 300w, https:\/\/www.tempiodicallaighe.it\/wp-content\/uploads\/2015\/02\/Inner-Mysteries.png 640w\" sizes=\"auto, (max-width: 251px) 85vw, 251px\" \/><\/a>\u201cProgressive Witchcraft\u201d<\/strong> (Stregoneria Progressiva) \u00e8 un termine descrittivo che Janet Farrar e Gavin Bone utilizzano per riferirsi al loro approccio alla Wicca. Nasce da un processo di analisi e comprensione profonda della storia della stregoneria moderna.<br \/>\nNon si tratta, quindi, di una tradizione wicca, ma di una filosofia, un\u2019attitudine, che pu\u00f2 essere applicata a qualsiasi tradizione wicca, e probabilmente anche a molte tradizioni esoteriche non wicca. Janet e Gavin utilizzano infatti il termine \u201cwitchcraft\u201d per riportare l\u2019attenzione sui praticanti, le streghe, e la loro pratica, piuttosto che su un sistema e sue possibili rigidit\u00e0.<\/p>\n<p style=\"text-align: justify;\">I concetti focali della Progressive Witchcraft sono lo spirito critico, l\u2019evoluzione della pratica, il lavoro su se stessi e la connessione con il divino.<\/p>\n<p style=\"text-align: justify;\">Crediamo nello studio delle pratiche antiche, ma riteniamo anche che una buona strega debba esser sempre pronta al confronto con se stessa e con gli altri. Questo significa anche che dovrebbe interrogarsi sul senso dell\u2019attuare una pratica antica oggigiorno. Potrebbe rendersi conto che in effetti quella determinata pratica ad oggi, o in luoghi diversi dall\u2019originale, non funzionerebbe; come per esempio il celebrare Lammas come Festa del Raccolto il 1\u00b0 agosto in Italia ha davvero poco o nessun senso, dato che per noi non si tratterebbe di certo n\u00e9 del primo n\u00e9 dell\u2019ultimo raccolto dell\u2019anno.<br \/>\nCerchiamo quindi di essere sempre aperti alla discussione e al dialogo, che pu\u00f2 essere portatore di ispirazione e chiarezza. Diffidiamo dalle rigidit\u00e0 e dai nozionismi. Studiamo, critichiamo, proviamo, ed eventualmente cambiamo.<br \/>\n\u201cSe funziona, usalo\u201d \u00e8 uno dei motti della Wicca, e condiviso anche dalla Progressive Witchcraft.<\/p>\n<p style=\"text-align: justify;\">Dato lo spirito critico che ci caratterizza, \u00e8 inevitabile che la nostra pratica sia in continua evoluzione. Ci\u00f2 che in passato ci \u00e8 piaciuto e ha funzionato, ora potrebbe non risuonare pi\u00f9 con quello che siamo diventati. O semplicemente abbiamo sviluppato nuovi metodi. E\u2019 evidente che questa evoluzione \u00e8 fortemente soggettiva, pu\u00f2 avere un corso molto diverso persino fra membri della stessa tradizione. E le differenze sono il nostro patrimonio di esseri umani, perch\u00e9 ci danno la possibilit\u00e0 di conoscerci, confrontarci ed imparare costantemente.<\/p>\n<p style=\"text-align: justify;\"><a href=\"https:\/\/www.tempiodicallaighe.it\/wp-content\/uploads\/2015\/02\/lunas.jpg\"><img loading=\"lazy\" decoding=\"async\" class=\"alignright wp-image-118\" title=\"lunas - filosofia\" src=\"https:\/\/www.tempiodicallaighe.it\/wp-content\/uploads\/2015\/02\/lunas-300x225.jpg\" alt=\"lunas - filosofia\" width=\"236\" height=\"177\" srcset=\"https:\/\/www.tempiodicallaighe.it\/wp-content\/uploads\/2015\/02\/lunas-300x225.jpg 300w, https:\/\/www.tempiodicallaighe.it\/wp-content\/uploads\/2015\/02\/lunas-1024x768.jpg 1024w, https:\/\/www.tempiodicallaighe.it\/wp-content\/uploads\/2015\/02\/lunas.jpg 1600w\" sizes=\"auto, (max-width: 236px) 85vw, 236px\" \/><\/a>Crediamo che una buona strega debba innanzitutto lavorare su stessa, sulla propria ombra, le paure, i blocchi, i talenti inespressi, l\u2019accettazione. Solo cos\u00ec potr\u00e0 essere in grado di essere in equilibrio con se stessa e con l&#8217;universo arrivando ad una connessione con il divino pi\u00f9 intensa. Quindi di poter suonare la ragnatela della vita. Ovvero, fare magia.<\/p>\n<p style=\"text-align: justify;\">La magia \u00e8 lo strumento che ci consente di connetterci al divino e tanto pi\u00f9 noi conosciamo noi stessi, tanto pi\u00f9 siamo in grado di\u00a0toglierci la &#8220;maschera&#8221; di fronte agli Dei e quindi di avere una relazione pi\u00f9 &#8220;sincera&#8221; con loro.<\/p>\n<p style=\"text-align: justify;\"><strong>\u201cNon \u00e8 una buona idea abbracciare la propria Ombra, a meno che non vogliate diventare Hannibal Lecter. Bisogna affrontarla, guardarla bene in faccia, ed eventualmente, scappare a gambe levate\u201d (Janet Farrar).<\/strong><\/p>\n","protected":false},"excerpt":{"rendered":"<p>\u201cProgressive Witchcraft\u201d (Stregoneria Progressiva) \u00e8 un termine descrittivo che Janet Farrar e Gavin Bone utilizzano per riferirsi al loro approccio alla Wicca. Nasce da un processo di analisi e comprensione profonda della storia della stregoneria moderna. Non si tratta, quindi, di una tradizione wicca, ma di una filosofia, un\u2019attitudine, che pu\u00f2 essere applicata a qualsiasi &hellip; <a href=\"https:\/\/www.tempiodicallaighe.it\/?page_id=14\" class=\"more-link\">Continue reading<span class=\"screen-reader-text\"> &#8220;FILOSOFIA&#8221;<\/span><\/a><\/p>\n","protected":false},"author":1,"featured_media":0,"parent":0,"menu_order":0,"comment_status":"closed","ping_status":"open","template":"","meta":{"footnotes":""},"class_list":["post-14","page","type-page","status-publish","hentry"],"yoast_head":"<!-- This site is optimized with the Yoast SEO plugin v26.7 - https:\/\/yoast.com\/wordpress\/plugins\/seo\/ -->\n<title>FILOSOFIA - Tempio di Callaighe<\/title>\n<meta name=\"description\" content=\"\u201cProgressive Witchcraft\u201d (Stregoneria Progressiva) \u00e8 un termine descrittivo per una filosofia di approccio alla Wicca\" \/>\n<meta name=\"robots\" content=\"index, follow, max-snippet:-1, max-image-preview:large, max-video-preview:-1\" \/>\n<link rel=\"canonical\" href=\"https:\/\/www.tempiodicallaighe.it\/?page_id=14\" \/>\n<meta property=\"og:locale\" content=\"it_IT\" \/>\n<meta property=\"og:type\" content=\"article\" \/>\n<meta property=\"og:title\" content=\"FILOSOFIA - Tempio di Callaighe\" \/>\n<meta property=\"og:description\" content=\"\u201cProgressive Witchcraft\u201d (Stregoneria Progressiva) \u00e8 un termine descrittivo per una filosofia di approccio alla Wicca\" \/>\n<meta property=\"og:url\" content=\"https:\/\/www.tempiodicallaighe.it\/?page_id=14\" \/>\n<meta property=\"og:site_name\" content=\"Tempio di Callaighe\" \/>\n<meta property=\"article:publisher\" content=\"https:\/\/facebook.com\/tempiodicallaighe\" \/>\n<meta property=\"article:modified_time\" content=\"2025-02-12T16:13:59+00:00\" \/>\n<meta property=\"og:image\" content=\"http:\/\/www.tempiodicallaighe.it\/wp-content\/uploads\/2015\/02\/Inner-Mysteries-300x213.png\" \/>\n<meta name=\"twitter:card\" content=\"summary_large_image\" \/>\n<meta name=\"twitter:label1\" content=\"Tempo di lettura stimato\" \/>\n\t<meta name=\"twitter:data1\" content=\"3 minuti\" \/>\n<script type=\"application\/ld+json\" class=\"yoast-schema-graph\">{\"@context\":\"https:\/\/schema.org\",\"@graph\":[{\"@type\":\"WebPage\",\"@id\":\"https:\/\/www.tempiodicallaighe.it\/?page_id=14\",\"url\":\"https:\/\/www.tempiodicallaighe.it\/?page_id=14\",\"name\":\"FILOSOFIA - Tempio di Callaighe\",\"isPartOf\":{\"@id\":\"https:\/\/www.tempiodicallaighe.it\/#website\"},\"primaryImageOfPage\":{\"@id\":\"https:\/\/www.tempiodicallaighe.it\/?page_id=14#primaryimage\"},\"image\":{\"@id\":\"https:\/\/www.tempiodicallaighe.it\/?page_id=14#primaryimage\"},\"thumbnailUrl\":\"http:\/\/www.tempiodicallaighe.it\/wp-content\/uploads\/2015\/02\/Inner-Mysteries-300x213.png\",\"datePublished\":\"2015-02-02T20:59:21+00:00\",\"dateModified\":\"2025-02-12T16:13:59+00:00\",\"description\":\"\u201cProgressive Witchcraft\u201d (Stregoneria Progressiva) \u00e8 un termine descrittivo per una filosofia di approccio alla Wicca\",\"breadcrumb\":{\"@id\":\"https:\/\/www.tempiodicallaighe.it\/?page_id=14#breadcrumb\"},\"inLanguage\":\"it-IT\",\"potentialAction\":[{\"@type\":\"ReadAction\",\"target\":[\"https:\/\/www.tempiodicallaighe.it\/?page_id=14\"]}]},{\"@type\":\"ImageObject\",\"inLanguage\":\"it-IT\",\"@id\":\"https:\/\/www.tempiodicallaighe.it\/?page_id=14#primaryimage\",\"url\":\"http:\/\/www.tempiodicallaighe.it\/wp-content\/uploads\/2015\/02\/Inner-Mysteries-300x213.png\",\"contentUrl\":\"http:\/\/www.tempiodicallaighe.it\/wp-content\/uploads\/2015\/02\/Inner-Mysteries-300x213.png\"},{\"@type\":\"BreadcrumbList\",\"@id\":\"https:\/\/www.tempiodicallaighe.it\/?page_id=14#breadcrumb\",\"itemListElement\":[{\"@type\":\"ListItem\",\"position\":1,\"name\":\"Home\",\"item\":\"https:\/\/www.tempiodicallaighe.it\/\"},{\"@type\":\"ListItem\",\"position\":2,\"name\":\"FILOSOFIA\"}]},{\"@type\":\"WebSite\",\"@id\":\"https:\/\/www.tempiodicallaighe.it\/#website\",\"url\":\"https:\/\/www.tempiodicallaighe.it\/\",\"name\":\"Tempio di Callaighe\",\"description\":\"Clan del Focolare Sacro\",\"potentialAction\":[{\"@type\":\"SearchAction\",\"target\":{\"@type\":\"EntryPoint\",\"urlTemplate\":\"https:\/\/www.tempiodicallaighe.it\/?s={search_term_string}\"},\"query-input\":{\"@type\":\"PropertyValueSpecification\",\"valueRequired\":true,\"valueName\":\"search_term_string\"}}],\"inLanguage\":\"it-IT\"}]}<\/script>\n<!-- \/ Yoast SEO plugin. -->","yoast_head_json":{"title":"FILOSOFIA - Tempio di Callaighe","description":"\u201cProgressive Witchcraft\u201d (Stregoneria Progressiva) \u00e8 un termine descrittivo per una filosofia di approccio alla Wicca","robots":{"index":"index","follow":"follow","max-snippet":"max-snippet:-1","max-image-preview":"max-image-preview:large","max-video-preview":"max-video-preview:-1"},"canonical":"https:\/\/www.tempiodicallaighe.it\/?page_id=14","og_locale":"it_IT","og_type":"article","og_title":"FILOSOFIA - Tempio di Callaighe","og_description":"\u201cProgressive Witchcraft\u201d (Stregoneria Progressiva) \u00e8 un termine descrittivo per una filosofia di approccio alla Wicca","og_url":"https:\/\/www.tempiodicallaighe.it\/?page_id=14","og_site_name":"Tempio di Callaighe","article_publisher":"https:\/\/facebook.com\/tempiodicallaighe","article_modified_time":"2025-02-12T16:13:59+00:00","og_image":[{"url":"http:\/\/www.tempiodicallaighe.it\/wp-content\/uploads\/2015\/02\/Inner-Mysteries-300x213.png","type":"","width":"","height":""}],"twitter_card":"summary_large_image","twitter_misc":{"Tempo di lettura stimato":"3 minuti"},"schema":{"@context":"https:\/\/schema.org","@graph":[{"@type":"WebPage","@id":"https:\/\/www.tempiodicallaighe.it\/?page_id=14","url":"https:\/\/www.tempiodicallaighe.it\/?page_id=14","name":"FILOSOFIA - Tempio di Callaighe","isPartOf":{"@id":"https:\/\/www.tempiodicallaighe.it\/#website"},"primaryImageOfPage":{"@id":"https:\/\/www.tempiodicallaighe.it\/?page_id=14#primaryimage"},"image":{"@id":"https:\/\/www.tempiodicallaighe.it\/?page_id=14#primaryimage"},"thumbnailUrl":"http:\/\/www.tempiodicallaighe.it\/wp-content\/uploads\/2015\/02\/Inner-Mysteries-300x213.png","datePublished":"2015-02-02T20:59:21+00:00","dateModified":"2025-02-12T16:13:59+00:00","description":"\u201cProgressive Witchcraft\u201d (Stregoneria Progressiva) \u00e8 un termine descrittivo per una filosofia di approccio alla Wicca","breadcrumb":{"@id":"https:\/\/www.tempiodicallaighe.it\/?page_id=14#breadcrumb"},"inLanguage":"it-IT","potentialAction":[{"@type":"ReadAction","target":["https:\/\/www.tempiodicallaighe.it\/?page_id=14"]}]},{"@type":"ImageObject","inLanguage":"it-IT","@id":"https:\/\/www.tempiodicallaighe.it\/?page_id=14#primaryimage","url":"http:\/\/www.tempiodicallaighe.it\/wp-content\/uploads\/2015\/02\/Inner-Mysteries-300x213.png","contentUrl":"http:\/\/www.tempiodicallaighe.it\/wp-content\/uploads\/2015\/02\/Inner-Mysteries-300x213.png"},{"@type":"BreadcrumbList","@id":"https:\/\/www.tempiodicallaighe.it\/?page_id=14#breadcrumb","itemListElement":[{"@type":"ListItem","position":1,"name":"Home","item":"https:\/\/www.tempiodicallaighe.it\/"},{"@type":"ListItem","position":2,"name":"FILOSOFIA"}]},{"@type":"WebSite","@id":"https:\/\/www.tempiodicallaighe.it\/#website","url":"https:\/\/www.tempiodicallaighe.it\/","name":"Tempio di Callaighe","description":"Clan del Focolare Sacro","potentialAction":[{"@type":"SearchAction","target":{"@type":"EntryPoint","urlTemplate":"https:\/\/www.tempiodicallaighe.it\/?s={search_term_string}"},"query-input":{"@type":"PropertyValueSpecification","valueRequired":true,"valueName":"search_term_string"}}],"inLanguage":"it-IT"}]}},"_links":{"self":[{"href":"https:\/\/www.tempiodicallaighe.it\/index.php?rest_route=\/wp\/v2\/pages\/14","targetHints":{"allow":["GET"]}}],"collection":[{"href":"https:\/\/www.tempiodicallaighe.it\/index.php?rest_route=\/wp\/v2\/pages"}],"about":[{"href":"https:\/\/www.tempiodicallaighe.it\/index.php?rest_route=\/wp\/v2\/types\/page"}],"author":[{"embeddable":true,"href":"https:\/\/www.tempiodicallaighe.it\/index.php?rest_route=\/wp\/v2\/users\/1"}],"replies":[{"embeddable":true,"href":"https:\/\/www.tempiodicallaighe.it\/index.php?rest_route=%2Fwp%2Fv2%2Fcomments&post=14"}],"version-history":[{"count":0,"href":"https:\/\/www.tempiodicallaighe.it\/index.php?rest_route=\/wp\/v2\/pages\/14\/revisions"}],"wp:attachment":[{"href":"https:\/\/www.tempiodicallaighe.it\/index.php?rest_route=%2Fwp%2Fv2%2Fmedia&parent=14"}],"curies":[{"name":"wp","href":"https:\/\/api.w.org\/{rel}","templated":true}]}}